{"id":61,"date":"2019-08-24T18:04:31","date_gmt":"2019-08-24T18:04:31","guid":{"rendered":"http:\/\/gedat.online\/?page_id=61"},"modified":"2019-11-02T10:37:50","modified_gmt":"2019-11-02T10:37:50","slug":"homepage","status":"publish","type":"page","link":"https:\/\/gedat.org\/","title":{"rendered":"Homepage"},"content":{"rendered":"\t\t<div data-elementor-type=\"wp-post\" data-elementor-id=\"61\" class=\"elementor elementor-61\" data-elementor-settings=\"[]\">\n\t\t\t\t\t\t<div class=\"elementor-inner\">\n\t\t\t\t\t\t\t<div class=\"elementor-section-wrap\">\n\t\t\t\t\t\t\t<section class=\"elementor-section elementor-top-section elementor-element elementor-element-6fc79579 elementor-section-content-middle elementor-section-stretched elementor-section-height-min-height elementor-section-boxed elementor-section-height-default elementor-section-items-middle\" data-id=\"6fc79579\" data-element_type=\"section\" data-settings=\"{&quot;background_background&quot;:&quot;classic&quot;,&quot;stretch_section&quot;:&quot;section-stretched&quot;}\">\n\t\t\t\t\t\t<div class=\"elementor-container elementor-column-gap-default\">\n\t\t\t\t\t\t\t<div class=\"elementor-row\">\n\t\t\t\t\t<div class=\"elementor-column elementor-col-50 elementor-top-column elementor-element elementor-element-1d58c1bb\" data-id=\"1d58c1bb\" data-element_type=\"column\">\n\t\t\t<div class=\"elementor-column-wrap elementor-element-populated\">\n\t\t\t\t\t\t\t<div class=\"elementor-widget-wrap\">\n\t\t\t\t\t\t<div class=\"elementor-element elementor-element-11d937b elementor-widget elementor-widget-heading\" data-id=\"11d937b\" data-element_type=\"widget\" data-widget_type=\"heading.default\">\n\t\t\t\t<div class=\"elementor-widget-container\">\n\t\t\t<p class=\"elementor-heading-title elementor-size-default\">Alexander Gedat<\/p>\t\t<\/div>\n\t\t\t\t<\/div>\n\t\t\t\t\t\t<\/div>\n\t\t\t\t\t<\/div>\n\t\t<\/div>\n\t\t\t\t<div class=\"elementor-column elementor-col-50 elementor-top-column elementor-element elementor-element-4be2f2cd\" data-id=\"4be2f2cd\" data-element_type=\"column\">\n\t\t\t<div class=\"elementor-column-wrap elementor-element-populated\">\n\t\t\t\t\t\t\t<div class=\"elementor-widget-wrap\">\n\t\t\t\t\t\t<div class=\"elementor-element elementor-element-172a2290 elementor-align-right elementor-mobile-align-center elementor-icon-list--layout-traditional elementor-list-item-link-full_width elementor-widget elementor-widget-icon-list\" data-id=\"172a2290\" data-element_type=\"widget\" data-settings=\"{&quot;_animation_mobile&quot;:&quot;none&quot;}\" data-widget_type=\"icon-list.default\">\n\t\t\t\t<div class=\"elementor-widget-container\">\n\t\t\t\t\t<ul class=\"elementor-icon-list-items\">\n\t\t\t\t\t\t\t<li class=\"elementor-icon-list-item\">\n\t\t\t\t\t\t\t\t\t\t\t<a href=\"mailto:alexander@gedat.org\" target=\"_blank\">\n\n\t\t\t\t\t\t\t\t\t\t\t\t<span class=\"elementor-icon-list-icon\">\n\t\t\t\t\t\t\t<i aria-hidden=\"true\" class=\"fas fa-globe-americas\"><\/i>\t\t\t\t\t\t<\/span>\n\t\t\t\t\t\t\t\t\t\t<span class=\"elementor-icon-list-text\">alexander@gedat.org<\/span>\n\t\t\t\t\t\t\t\t\t\t\t<\/a>\n\t\t\t\t\t\t\t\t\t<\/li>\n\t\t\t\t\t\t<\/ul>\n\t\t\t\t<\/div>\n\t\t\t\t<\/div>\n\t\t\t\t\t\t<\/div>\n\t\t\t\t\t<\/div>\n\t\t<\/div>\n\t\t\t\t\t\t\t\t<\/div>\n\t\t\t\t\t<\/div>\n\t\t<\/section>\n\t\t\t\t<section class=\"elementor-section elementor-top-section elementor-element elementor-element-3a6f53d0 elementor-section-content-middle elementor-section-boxed elementor-section-height-default elementor-section-height-default\" data-id=\"3a6f53d0\" data-element_type=\"section\" data-settings=\"{&quot;background_background&quot;:&quot;gradient&quot;,&quot;shape_divider_bottom&quot;:&quot;curve-asymmetrical&quot;}\">\n\t\t\t\t\t<div class=\"elementor-shape elementor-shape-bottom\" data-negative=\"false\">\n\t\t\t<svg xmlns=\"http:\/\/www.w3.org\/2000\/svg\" viewBox=\"0 0 1000 100\" preserveAspectRatio=\"none\">\n\t<path class=\"elementor-shape-fill\" d=\"M0,0c0,0,0,6,0,6.7c0,18,240.2,93.6,615.2,92.6C989.8,98.5,1000,25,1000,6.7c0-0.7,0-6.7,0-6.7H0z\"\/>\n<\/svg>\t\t<\/div>\n\t\t\t\t\t<div class=\"elementor-container elementor-column-gap-default\">\n\t\t\t\t\t\t\t<div class=\"elementor-row\">\n\t\t\t\t\t<div class=\"elementor-column elementor-col-50 elementor-top-column elementor-element elementor-element-2c342f06\" data-id=\"2c342f06\" data-element_type=\"column\" data-settings=\"{&quot;background_background&quot;:&quot;none&quot;}\">\n\t\t\t<div class=\"elementor-column-wrap elementor-element-populated\">\n\t\t\t\t\t\t\t<div class=\"elementor-widget-wrap\">\n\t\t\t\t\t\t<div class=\"elementor-element elementor-element-7e0afbde elementor-widget elementor-widget-heading\" data-id=\"7e0afbde\" data-element_type=\"widget\" data-widget_type=\"heading.default\">\n\t\t\t\t<div class=\"elementor-widget-container\">\n\t\t\t<h2 class=\"elementor-heading-title elementor-size-medium\">Beirat und Aufsichtsrat<\/h2>\t\t<\/div>\n\t\t\t\t<\/div>\n\t\t\t\t\t\t<\/div>\n\t\t\t\t\t<\/div>\n\t\t<\/div>\n\t\t\t\t<div class=\"elementor-column elementor-col-50 elementor-top-column elementor-element elementor-element-7ab61256\" data-id=\"7ab61256\" data-element_type=\"column\">\n\t\t\t<div class=\"elementor-column-wrap elementor-element-populated\">\n\t\t\t\t\t\t\t<div class=\"elementor-widget-wrap\">\n\t\t\t\t\t\t<div class=\"elementor-element elementor-element-7f52869e animated-slow elementor-invisible elementor-widget elementor-widget-image\" data-id=\"7f52869e\" data-element_type=\"widget\" data-settings=\"{&quot;_animation&quot;:&quot;fadeIn&quot;,&quot;_animation_tablet&quot;:&quot;fadeIn&quot;,&quot;_animation_mobile&quot;:&quot;fadeIn&quot;}\" data-widget_type=\"image.default\">\n\t\t\t\t<div class=\"elementor-widget-container\">\n\t\t\t\t\t\t\t\t<div class=\"elementor-image\">\n\t\t\t\t\t\t\t\t\t\t\t\t<img width=\"768\" height=\"512\" src=\"https:\/\/gedat.org\/wp-content\/uploads\/2019\/08\/D7T8609-vig-sw-768x512.jpg\" class=\"attachment-medium_large size-medium_large\" alt=\"\" loading=\"lazy\" srcset=\"https:\/\/gedat.org\/wp-content\/uploads\/2019\/08\/D7T8609-vig-sw-768x512.jpg 768w, https:\/\/gedat.org\/wp-content\/uploads\/2019\/08\/D7T8609-vig-sw-300x200.jpg 300w, https:\/\/gedat.org\/wp-content\/uploads\/2019\/08\/D7T8609-vig-sw-1024x683.jpg 1024w\" sizes=\"(max-width: 768px) 100vw, 768px\" \/>\t\t\t\t\t\t\t\t\t\t\t\t\t\t<\/div>\n\t\t\t\t\t\t<\/div>\n\t\t\t\t<\/div>\n\t\t\t\t\t\t<\/div>\n\t\t\t\t\t<\/div>\n\t\t<\/div>\n\t\t\t\t\t\t\t\t<\/div>\n\t\t\t\t\t<\/div>\n\t\t<\/section>\n\t\t\t\t<section class=\"elementor-section elementor-top-section elementor-element elementor-element-21c0f68 elementor-section-boxed elementor-section-height-default elementor-section-height-default\" data-id=\"21c0f68\" data-element_type=\"section\" data-settings=\"{&quot;background_background&quot;:&quot;classic&quot;}\">\n\t\t\t\t\t\t<div class=\"elementor-container elementor-column-gap-default\">\n\t\t\t\t\t\t\t<div class=\"elementor-row\">\n\t\t\t\t\t<div class=\"elementor-column elementor-col-100 elementor-top-column elementor-element elementor-element-6d8524b3\" data-id=\"6d8524b3\" data-element_type=\"column\">\n\t\t\t<div class=\"elementor-column-wrap elementor-element-populated\">\n\t\t\t\t\t\t\t<div class=\"elementor-widget-wrap\">\n\t\t\t\t\t\t<div class=\"elementor-element elementor-element-13ae8cb7 elementor-widget elementor-widget-heading\" data-id=\"13ae8cb7\" data-element_type=\"widget\" data-widget_type=\"heading.default\">\n\t\t\t\t<div class=\"elementor-widget-container\">\n\t\t\t<h5 class=\"elementor-heading-title elementor-size-medium\"><p>Beirats- und Aufsichtsratskandidat<br>Vertrieb - Finanzen - Gesamtleitung<\/p><\/h5>\t\t<\/div>\n\t\t\t\t<\/div>\n\t\t\t\t<div class=\"elementor-element elementor-element-0a930c0 elementor-widget elementor-widget-text-editor\" data-id=\"0a930c0\" data-element_type=\"widget\" data-widget_type=\"text-editor.default\">\n\t\t\t\t<div class=\"elementor-widget-container\">\n\t\t\t\t\t\t\t\t<div class=\"elementor-text-editor elementor-clearfix\">\n\t\t\t\t<p>Alexander Gedat arbeitete von 1995 bis 2017 als Gesch\u00e4ftsf\u00fchrer und Vorstand bei der Mode- und Lifestyle Marke Marc O\u00b4Polo. Der Einstieg erfolgte als CFO der deutschen Vertriebsgesellschaft. Schnell wurde er CFO der internationalen Unternehmensgruppe. 2003 wurde er zus\u00e4tzlich zum Vorstand Vertrieb ernannt. Der Umsatz stieg in den folgenden Jahren um mehr als das 3 fache. Das Ergebnis wuchs \u00fcberproportional. 2012 \u00fcbernahm er als CEO die Gesamtleitung. Etwa 2.000 Mitarbeiter erwirtschaften einen Umsatz von ca. 464 Mio. \u20ac. Alexander Gedat war Gesch\u00e4ftsf\u00fchrer oder Board Member in allen Tochtergesellschaften im Inland und im Ausland mit Einzelvertretungsvollmacht.<\/p><p>Vor Marc O\u00b4Polo war er in einer M\u00fcnchner Modeagentur, davor etwa 4 Jahre in Italien in der Entsorgungs- und in der Bauzulieferindustrie jeweils als CFO. Der Berufseinstieg nach dem Studium zum Betriebswirt (VWA) erfolgte als Assistent des CEO in der internationalen Automobilzulieferindustrie.<\/p>\t\t\t\t\t<\/div>\n\t\t\t\t\t\t<\/div>\n\t\t\t\t<\/div>\n\t\t\t\t\t\t<\/div>\n\t\t\t\t\t<\/div>\n\t\t<\/div>\n\t\t\t\t\t\t\t\t<\/div>\n\t\t\t\t\t<\/div>\n\t\t<\/section>\n\t\t\t\t<section class=\"elementor-section elementor-top-section elementor-element elementor-element-03046b0 elementor-section-boxed elementor-section-height-default elementor-section-height-default\" data-id=\"03046b0\" data-element_type=\"section\" data-settings=\"{&quot;background_background&quot;:&quot;classic&quot;}\">\n\t\t\t\t\t\t<div class=\"elementor-container elementor-column-gap-default\">\n\t\t\t\t\t\t\t<div class=\"elementor-row\">\n\t\t\t\t\t<div class=\"elementor-column elementor-col-100 elementor-top-column elementor-element elementor-element-207ac2c\" data-id=\"207ac2c\" data-element_type=\"column\" data-settings=\"{&quot;background_background&quot;:&quot;classic&quot;}\">\n\t\t\t<div class=\"elementor-column-wrap elementor-element-populated\">\n\t\t\t\t\t\t\t<div class=\"elementor-widget-wrap\">\n\t\t\t\t\t\t<div class=\"elementor-element elementor-element-fa0efe8 elementor-invisible elementor-widget elementor-widget-eael-adv-accordion\" data-id=\"fa0efe8\" data-element_type=\"widget\" data-settings=\"{&quot;_animation&quot;:&quot;fadeInLeft&quot;,&quot;_animation_tablet&quot;:&quot;slideInLeft&quot;,&quot;_animation_mobile&quot;:&quot;slideInLeft&quot;,&quot;_animation_delay&quot;:500}\" data-widget_type=\"eael-adv-accordion.default\">\n\t\t\t\t<div class=\"elementor-widget-container\">\n\t\t\t        <div class=\"eael-adv-accordion\" id=\"eael-adv-accordion-fa0efe8\" data-accordion-id=\"fa0efe8\" data-accordion-type=\"toggle\" data-toogle-speed=\"300\">\n    <div class=\"eael-accordion-list\">\n                <div id=\"warum-ist-alexander-gedat-wertvoll-als-beirataufsichtsrat\" class=\"elementor-tab-title eael-accordion-header\" tabindex=\"2621\" data-tab=\"1\" role=\"tab\" aria-controls=\"elementor-tab-content-2621\"><i aria-hidden=\"true\" class=\"fa-accordion-icon fas fa-plus-circle\"><\/i><span class=\"eael-accordion-tab-title\">Warum ist Alexander Gedat wertvoll als Beirat\/Aufsichtsrat?<\/span><i aria-hidden=\"true\" class=\"fa-toggle fas fa-angle-right\"><\/i><\/div><div id=\"elementor-tab-content-2621\" class=\"eael-accordion-content clearfix\" data-tab=\"1\" role=\"tabpanel\" aria-labelledby=\"warum-ist-alexander-gedat-wertvoll-als-beirataufsichtsrat\"><p><p>Er ist eine erfahrene, begeisterungsf\u00e4hige, dynamische und lernende F\u00fchrungskraft und ein Manager, der mit Kompetenz, Flei\u00df und Spa\u00df erfolgsorientiert und erfolgreich in der Markenwelt gearbeitet hat. Er f\u00fchlt sich wohl in nationalen und internationalen M\u00e4rkten. Er war verantwortlich f\u00fcr Vertrieb, Finanzen, Personal und die Gesamtleitung und hat damit einen umfassenden Einblick in alle Bereiche eines Unternehmens gehabt. Er ist in der Bekleidungsindustrie und im textilen Einzelhandel bestens vernetzt.<\/p><\/p><\/div>\n                <\/div><div class=\"eael-accordion-list\">\n                <div id=\"welche-firmen-sind-interessant\" class=\"elementor-tab-title eael-accordion-header\" tabindex=\"2622\" data-tab=\"2\" role=\"tab\" aria-controls=\"elementor-tab-content-2622\"><i aria-hidden=\"true\" class=\"fa-accordion-icon fas fa-plus-circle\"><\/i><span class=\"eael-accordion-tab-title\">Welche Firmen sind interessant?<\/span><i aria-hidden=\"true\" class=\"fa-toggle fas fa-angle-right\"><\/i><\/div><div id=\"elementor-tab-content-2622\" class=\"eael-accordion-content clearfix\" data-tab=\"2\" role=\"tabpanel\" aria-labelledby=\"welche-firmen-sind-interessant\"><p><ul><li>Textil- und Bekleidungsindustrie und verwandte Branchen wie Schuhe und Accessories<\/li><li>Einzelhandel<\/li><li>Mittelstand<\/li><li>National und International<\/li><li>Markenartikelhersteller<\/li><\/ul><\/p><\/div>\n                <\/div><div class=\"eael-accordion-list\">\n                <div id=\"warum\" class=\"elementor-tab-title eael-accordion-header\" tabindex=\"2623\" data-tab=\"3\" role=\"tab\" aria-controls=\"elementor-tab-content-2623\"><i aria-hidden=\"true\" class=\"fa-accordion-icon fas fa-plus-circle\"><\/i><span class=\"eael-accordion-tab-title\">Warum?<\/span><i aria-hidden=\"true\" class=\"fa-toggle fas fa-angle-right\"><\/i><\/div><div id=\"elementor-tab-content-2623\" class=\"eael-accordion-content clearfix\" data-tab=\"3\" role=\"tabpanel\" aria-labelledby=\"warum\"><p><ul><li>Know How<\/li><li>Begeisterungsf\u00e4higkeit<\/li><li>Nachhaltigkeit<\/li><li>Erfahrung in Vertrieb, Finanzen, Personal, Gesamtleitung<\/li><li>National+International vernetzt<\/li><li>Flie\u00dfend Englisch und Italienisch<\/li><\/ul><\/p><\/div>\n                <\/div><\/div>\t\t<\/div>\n\t\t\t\t<\/div>\n\t\t\t\t\t\t<\/div>\n\t\t\t\t\t<\/div>\n\t\t<\/div>\n\t\t\t\t\t\t\t\t<\/div>\n\t\t\t\t\t<\/div>\n\t\t<\/section>\n\t\t\t\t<section class=\"elementor-section elementor-top-section elementor-element elementor-element-8ebaffc elementor-section-boxed elementor-section-height-default elementor-section-height-default\" data-id=\"8ebaffc\" data-element_type=\"section\" data-settings=\"{&quot;background_background&quot;:&quot;classic&quot;}\">\n\t\t\t\t\t\t<div class=\"elementor-container elementor-column-gap-default\">\n\t\t\t\t\t\t\t<div class=\"elementor-row\">\n\t\t\t\t\t<div class=\"elementor-column elementor-col-100 elementor-top-column elementor-element elementor-element-8d08729\" data-id=\"8d08729\" data-element_type=\"column\">\n\t\t\t<div class=\"elementor-column-wrap elementor-element-populated\">\n\t\t\t\t\t\t\t<div class=\"elementor-widget-wrap\">\n\t\t\t\t\t\t<div class=\"elementor-element elementor-element-76aa7ce elementor-widget-divider--view-line elementor-widget elementor-widget-divider\" data-id=\"76aa7ce\" data-element_type=\"widget\" data-widget_type=\"divider.default\">\n\t\t\t\t<div class=\"elementor-widget-container\">\n\t\t\t\t\t<div class=\"elementor-divider\">\n\t\t\t<span class=\"elementor-divider-separator\">\n\t\t\t\t\t\t<\/span>\n\t\t<\/div>\n\t\t\t\t<\/div>\n\t\t\t\t<\/div>\n\t\t\t\t\t\t<\/div>\n\t\t\t\t\t<\/div>\n\t\t<\/div>\n\t\t\t\t\t\t\t\t<\/div>\n\t\t\t\t\t<\/div>\n\t\t<\/section>\n\t\t\t\t<section class=\"elementor-section elementor-top-section elementor-element elementor-element-1999448 elementor-section-boxed elementor-section-height-default elementor-section-height-default\" data-id=\"1999448\" data-element_type=\"section\" data-settings=\"{&quot;background_background&quot;:&quot;classic&quot;}\">\n\t\t\t\t\t\t<div class=\"elementor-container elementor-column-gap-default\">\n\t\t\t\t\t\t\t<div class=\"elementor-row\">\n\t\t\t\t\t<div class=\"elementor-column elementor-col-100 elementor-top-column elementor-element elementor-element-21d873e\" data-id=\"21d873e\" data-element_type=\"column\" data-settings=\"{&quot;background_background&quot;:&quot;classic&quot;}\">\n\t\t\t<div class=\"elementor-column-wrap elementor-element-populated\">\n\t\t\t\t\t\t\t<div class=\"elementor-widget-wrap\">\n\t\t\t\t\t\t<div class=\"elementor-element elementor-element-4ab460e animated-slow elementor-invisible elementor-widget elementor-widget-eael-adv-accordion\" data-id=\"4ab460e\" data-element_type=\"widget\" data-settings=\"{&quot;_animation&quot;:&quot;fadeIn&quot;}\" data-widget_type=\"eael-adv-accordion.default\">\n\t\t\t\t<div class=\"elementor-widget-container\">\n\t\t\t        <div class=\"eael-adv-accordion\" id=\"eael-adv-accordion-4ab460e\" data-accordion-id=\"4ab460e\" data-accordion-type=\"accordion\" data-toogle-speed=\"300\">\n    <div class=\"eael-accordion-list\">\n                <div id=\"impressum\" class=\"elementor-tab-title eael-accordion-header\" tabindex=\"7831\" data-tab=\"1\" role=\"tab\" aria-controls=\"elementor-tab-content-7831\"><i aria-hidden=\"true\" class=\"fa-accordion-icon fas fa-pen\"><\/i><span class=\"eael-accordion-tab-title\">Impressum<\/span><i aria-hidden=\"true\" class=\"fa-toggle fas fa-angle-right\"><\/i><\/div><div id=\"elementor-tab-content-7831\" class=\"eael-accordion-content clearfix\" data-tab=\"1\" role=\"tabpanel\" aria-labelledby=\"impressum\"><p><p><strong>Alexander Gedat<\/strong><\/p><p>Am St\u00f6ckl 6<\/p><p>83026 Rosenheim<\/p><p>Deutschland<\/p><p>+49\/172\/8408497, +49\/8031\/69479<\/p><p><a href=\"mailto:alexander@gedat.org\">alexander@gedat.org<\/a><\/p><\/p><\/div>\n                <\/div><\/div>\t\t<\/div>\n\t\t\t\t<\/div>\n\t\t\t\t\t\t<\/div>\n\t\t\t\t\t<\/div>\n\t\t<\/div>\n\t\t\t\t\t\t\t\t<\/div>\n\t\t\t\t\t<\/div>\n\t\t<\/section>\n\t\t\t\t<section class=\"elementor-section elementor-top-section elementor-element elementor-element-26b3721a elementor-section-boxed elementor-section-height-default elementor-section-height-default\" data-id=\"26b3721a\" data-element_type=\"section\" data-settings=\"{&quot;background_background&quot;:&quot;classic&quot;}\">\n\t\t\t\t\t\t<div class=\"elementor-container elementor-column-gap-default\">\n\t\t\t\t\t\t\t<div class=\"elementor-row\">\n\t\t\t\t\t<div class=\"elementor-column elementor-col-100 elementor-top-column elementor-element elementor-element-66339653\" data-id=\"66339653\" data-element_type=\"column\">\n\t\t\t<div class=\"elementor-column-wrap\">\n\t\t\t\t\t\t\t<div class=\"elementor-widget-wrap\">\n\t\t\t\t\t\t\t\t<\/div>\n\t\t\t\t\t<\/div>\n\t\t<\/div>\n\t\t\t\t\t\t\t\t<\/div>\n\t\t\t\t\t<\/div>\n\t\t<\/section>\n\t\t\t\t\t\t<\/div>\n\t\t\t\t\t\t<\/div>\n\t\t\t\t\t<\/div>\n\t\t","protected":false},"excerpt":{"rendered":"<p>Alexander Gedat alexander@gedat.org Beirat und Aufsichtsrat Beirats- und AufsichtsratskandidatVertrieb &#8211; Finanzen &#8211; Gesamtleitung Alexander Gedat arbeitete von 1995 bis 2017 als Gesch\u00e4ftsf\u00fchrer und Vorstand bei der Mode- und Lifestyle Marke Marc O\u00b4Polo. Der Einstieg erfolgte als CFO der deutschen Vertriebsgesellschaft. Schnell wurde er CFO der internationalen Unternehmensgruppe. 2003 wurde er zus\u00e4tzlich zum Vorstand Vertrieb ernannt. [&hellip;]<\/p>\n","protected":false},"author":2,"featured_media":0,"parent":0,"menu_order":0,"comment_status":"closed","ping_status":"closed","template":"elementor_canvas","meta":[],"_links":{"self":[{"href":"https:\/\/gedat.org\/index.php?rest_route=\/wp\/v2\/pages\/61"}],"collection":[{"href":"https:\/\/gedat.org\/index.php?rest_route=\/wp\/v2\/pages"}],"about":[{"href":"https:\/\/gedat.org\/index.php?rest_route=\/wp\/v2\/types\/page"}],"author":[{"embeddable":true,"href":"https:\/\/gedat.org\/index.php?rest_route=\/wp\/v2\/users\/2"}],"replies":[{"embeddable":true,"href":"https:\/\/gedat.org\/index.php?rest_route=%2Fwp%2Fv2%2Fcomments&post=61"}],"version-history":[{"count":64,"href":"https:\/\/gedat.org\/index.php?rest_route=\/wp\/v2\/pages\/61\/revisions"}],"predecessor-version":[{"id":147,"href":"https:\/\/gedat.org\/index.php?rest_route=\/wp\/v2\/pages\/61\/revisions\/147"}],"wp:attachment":[{"href":"https:\/\/gedat.org\/index.php?rest_route=%2Fwp%2Fv2%2Fmedia&parent=61"}],"curies":[{"name":"wp","href":"https:\/\/api.w.org\/{rel}","templated":true}]}}